{"id":24499,"date":"2023-09-27T16:01:27","date_gmt":"2023-09-27T16:01:27","guid":{"rendered":"https:\/\/prevencaodacorrupcao.com\/audiqcer\/?page_id=24499"},"modified":"2023-09-27T16:01:27","modified_gmt":"2023-09-27T16:01:27","slug":"perguntasfrequentes","status":"publish","type":"page","link":"https:\/\/anticorrupcao.pt\/cm-riomaior\/p\/informacao-complementar\/perguntasfrequentes\/","title":{"rendered":"Perguntas Frequentes"},"content":{"rendered":"<p>[et_pb_section fb_built=&#8221;1&#8243; _builder_version=&#8221;4.21.0&#8243; _module_preset=&#8221;default&#8221; background_color=&#8221;#ececec&#8221; height_tablet=&#8221;&#8221; height_phone=&#8221;&#8221; height_last_edited=&#8221;on|desktop&#8221; max_height_tablet=&#8221;100vh&#8221; max_height_phone=&#8221;100vh&#8221; max_height_last_edited=&#8221;on|desktop&#8221; custom_padding=&#8221;||315px|||&#8221; global_colors_info=&#8221;{}&#8221; theme_builder_area=&#8221;et_body_layout&#8221;][et_pb_row use_custom_gutter=&#8221;on&#8221; gutter_width=&#8221;2&#8243; make_equal=&#8221;on&#8221; _builder_version=&#8221;4.22.1&#8243; _module_preset=&#8221;default&#8221; max_width=&#8221;1380px&#8221; custom_margin=&#8221;|auto||auto|false|false&#8221; custom_padding=&#8221;96px||4px||false|false&#8221; locked=&#8221;off&#8221; global_colors_info=&#8221;{}&#8221; theme_builder_area=&#8221;et_body_layout&#8221;][et_pb_column type=&#8221;4_4&#8243; _builder_version=&#8221;4.16&#8243; _module_preset=&#8221;default&#8221; global_colors_info=&#8221;{}&#8221; theme_builder_area=&#8221;et_body_layout&#8221;][et_pb_toggle title=&#8221;O que \u00e9 uma infra\u00e7\u00e3o ou viola\u00e7\u00e3o?&#8221; toggle_icon=&#8221;&#x27;||divi||400&#8243; open_toggle_icon=&#8221;&#x4a;||divi||400&#8243; admin_label=&#8221;Q01&#8243; _builder_version=&#8221;4.21.0&#8243; _module_preset=&#8221;default&#8221; title_font=&#8221;|700|||||||&#8221; title_font_size=&#8221;18px&#8221; border_radii=&#8221;on|5px|5px|5px|5px&#8221; global_colors_info=&#8221;{}&#8221; theme_builder_area=&#8221;et_body_layout&#8221;][\/et_pb_toggle][et_pb_toggle title=&#8221;Que tipo de infra\u00e7\u00f5es posso comunicar ou denunciar? &#8221; toggle_icon=&#8221;&#x27;||divi||400&#8243; open_toggle_icon=&#8221;&#x4a;||divi||400&#8243; admin_label=&#8221;Q02&#8243; _builder_version=&#8221;4.16&#8243; _module_preset=&#8221;default&#8221; title_font=&#8221;|700|||||||&#8221; title_font_size=&#8221;18px&#8221; border_radii=&#8221;on|5px|5px|5px|5px&#8221; global_colors_info=&#8221;{}&#8221; theme_builder_area=&#8221;et_body_layout&#8221;][\/et_pb_toggle][et_pb_toggle title=&#8221;Qual pode ser o objeto ou conte\u00fado da den\u00fancia?&#8221; toggle_icon=&#8221;&#x27;||divi||400&#8243; open_toggle_icon=&#8221;&#x4a;||divi||400&#8243; admin_label=&#8221;Q03&#8243; _builder_version=&#8221;4.21.0&#8243; _module_preset=&#8221;default&#8221; title_font=&#8221;|700|||||||&#8221; title_font_size=&#8221;18px&#8221; border_radii=&#8221;on|5px|5px|5px|5px&#8221; global_colors_info=&#8221;{}&#8221; theme_builder_area=&#8221;et_body_layout&#8221;][\/et_pb_toggle][et_pb_toggle title=&#8221;Posso utilizar o canal de den\u00fancia para apresentar reclama\u00e7\u00f5es?&#8221; toggle_icon=&#8221;&#x27;||divi||400&#8243; open_toggle_icon=&#8221;&#x4a;||divi||400&#8243; admin_label=&#8221;Q04&#8243; _builder_version=&#8221;4.16&#8243; _module_preset=&#8221;default&#8221; title_font=&#8221;|700|||||||&#8221; title_font_size=&#8221;18px&#8221; border_radii=&#8221;on|5px|5px|5px|5px&#8221; global_colors_info=&#8221;{}&#8221; theme_builder_area=&#8221;et_body_layout&#8221;][\/et_pb_toggle][et_pb_toggle title=&#8221;Quem pode ser considerado denunciante para beneficiar da prote\u00e7\u00e3o legal?&#8221; toggle_icon=&#8221;&#x27;||divi||400&#8243; open_toggle_icon=&#8221;&#x4a;||divi||400&#8243; admin_label=&#8221;Q05&#8243; _builder_version=&#8221;4.16&#8243; _module_preset=&#8221;default&#8221; title_font=&#8221;|700|||||||&#8221; title_font_size=&#8221;18px&#8221; border_radii=&#8221;on|5px|5px|5px|5px&#8221; global_colors_info=&#8221;{}&#8221; theme_builder_area=&#8221;et_body_layout&#8221;][\/et_pb_toggle][et_pb_toggle title=&#8221;Posso fazer den\u00fancias an\u00f3nimas?&#8221; toggle_icon=&#8221;&#x27;||divi||400&#8243; open_toggle_icon=&#8221;&#x4a;||divi||400&#8243; admin_label=&#8221;Q06&#8243; _builder_version=&#8221;4.16&#8243; _module_preset=&#8221;default&#8221; title_font=&#8221;|700|||||||&#8221; title_font_size=&#8221;18px&#8221; border_radii=&#8221;on|5px|5px|5px|5px&#8221; global_colors_info=&#8221;{}&#8221; theme_builder_area=&#8221;et_body_layout&#8221;][\/et_pb_toggle][et_pb_toggle title=&#8221;Quais s\u00e3o as condi\u00e7\u00f5es de prote\u00e7\u00e3o do denunciantes?&#8221; toggle_icon=&#8221;&#x27;||divi||400&#8243; open_toggle_icon=&#8221;&#x4a;||divi||400&#8243; admin_label=&#8221;Q07&#8243; _builder_version=&#8221;4.16&#8243; _module_preset=&#8221;default&#8221; title_font=&#8221;|700|||||||&#8221; title_font_size=&#8221;18px&#8221; border_radii=&#8221;on|5px|5px|5px|5px&#8221; global_colors_info=&#8221;{}&#8221; theme_builder_area=&#8221;et_body_layout&#8221;][\/et_pb_toggle][et_pb_toggle title=&#8221;Existe alguma preced\u00eancia entre os meios de den\u00fancia e de divulga\u00e7\u00e3o p\u00fablica?&#8221; toggle_icon=&#8221;&#x27;||divi||400&#8243; open_toggle_icon=&#8221;&#x4a;||divi||400&#8243; admin_label=&#8221;Q08&#8243; _builder_version=&#8221;4.16&#8243; _module_preset=&#8221;default&#8221; title_font=&#8221;|700|||||||&#8221; title_font_size=&#8221;18px&#8221; border_radii=&#8221;on|5px|5px|5px|5px&#8221; global_colors_info=&#8221;{}&#8221; theme_builder_area=&#8221;et_body_layout&#8221;][\/et_pb_toggle][et_pb_toggle title=&#8221;Em que situa\u00e7\u00f5es posso fazer den\u00fancias atrav\u00e9s de canais de den\u00fancia externa?&#8221; toggle_icon=&#8221;&#x27;||divi||400&#8243; open_toggle_icon=&#8221;&#x4a;||divi||400&#8243; admin_label=&#8221;Q09&#8243; _builder_version=&#8221;4.16&#8243; _module_preset=&#8221;default&#8221; title_font=&#8221;|700|||||||&#8221; title_font_size=&#8221;18px&#8221; border_radii=&#8221;on|5px|5px|5px|5px&#8221; global_colors_info=&#8221;{}&#8221; theme_builder_area=&#8221;et_body_layout&#8221;][\/et_pb_toggle][et_pb_toggle title=&#8221;Em que situa\u00e7\u00f5es posso fazer uma divulga\u00e7\u00e3o p\u00fablica da infra\u00e7\u00e3o?&#8221; toggle_icon=&#8221;&#x27;||divi||400&#8243; open_toggle_icon=&#8221;&#x4a;||divi||400&#8243; admin_label=&#8221;Q10&#8243; _builder_version=&#8221;4.16&#8243; _module_preset=&#8221;default&#8221; title_font=&#8221;|700|||||||&#8221; title_font_size=&#8221;18px&#8221; border_radii=&#8221;on|5px|5px|5px|5px&#8221; global_colors_info=&#8221;{}&#8221; theme_builder_area=&#8221;et_body_layout&#8221;][\/et_pb_toggle][et_pb_toggle title=&#8221;O que pode acontecer se denunciar externamente ou divulgar publicamente sem cumprir a regra da preced\u00eancia?&#8221; toggle_icon=&#8221;&#x27;||divi||400&#8243; open_toggle_icon=&#8221;&#x4a;||divi||400&#8243; admin_label=&#8221;Q11&#8243; _builder_version=&#8221;4.16&#8243; _module_preset=&#8221;default&#8221; title_font=&#8221;|700|||||||&#8221; title_font_size=&#8221;18px&#8221; border_radii=&#8221;on|5px|5px|5px|5px&#8221; global_colors_info=&#8221;{}&#8221; theme_builder_area=&#8221;et_body_layout&#8221;][\/et_pb_toggle][et_pb_toggle title=&#8221;Existe alguma obriga\u00e7\u00e3o de apresentar uma den\u00fancia de infra\u00e7\u00e3o?&#8221; toggle_icon=&#8221;&#x27;||divi||400&#8243; open_toggle_icon=&#8221;&#x4a;||divi||400&#8243; admin_label=&#8221;Q12&#8243; _builder_version=&#8221;4.16&#8243; _module_preset=&#8221;default&#8221; title_font=&#8221;|700|||||||&#8221; title_font_size=&#8221;18px&#8221; border_radii=&#8221;on|5px|5px|5px|5px&#8221; global_colors_info=&#8221;{}&#8221; theme_builder_area=&#8221;et_body_layout&#8221;][\/et_pb_toggle][et_pb_toggle title=&#8221;Quem s\u00e3o as entidades obrigadas a implementar Canais de Den\u00fancia Interna?&#8221; toggle_icon=&#8221;&#x27;||divi||400&#8243; open_toggle_icon=&#8221;&#x4a;||divi||400&#8243; admin_label=&#8221;Q13&#8243; _builder_version=&#8221;4.16&#8243; _module_preset=&#8221;default&#8221; title_font=&#8221;|700|||||||&#8221; title_font_size=&#8221;18px&#8221; border_radii=&#8221;on|5px|5px|5px|5px&#8221; global_colors_info=&#8221;{}&#8221; theme_builder_area=&#8221;et_body_layout&#8221;][\/et_pb_toggle][et_pb_toggle title=&#8221;Para que servem os Canais de Den\u00fancia Interna?&#8221; toggle_icon=&#8221;&#x27;||divi||400&#8243; open_toggle_icon=&#8221;&#x4a;||divi||400&#8243; admin_label=&#8221;Q14&#8243; _builder_version=&#8221;4.16&#8243; _module_preset=&#8221;default&#8221; title_font=&#8221;|700|||||||&#8221; title_font_size=&#8221;18px&#8221; border_radii=&#8221;on|5px|5px|5px|5px&#8221; global_colors_info=&#8221;{}&#8221; theme_builder_area=&#8221;et_body_layout&#8221;][\/et_pb_toggle][et_pb_toggle title=&#8221;Quem s\u00e3o as pessoas que integram a equipa Respons\u00e1vel pelas Den\u00fancias?&#8221; toggle_icon=&#8221;&#x27;||divi||400&#8243; open_toggle_icon=&#8221;&#x4a;||divi||400&#8243; admin_label=&#8221;Q15&#8243; _builder_version=&#8221;4.16&#8243; _module_preset=&#8221;default&#8221; title_font=&#8221;|700|||||||&#8221; title_font_size=&#8221;18px&#8221; border_radii=&#8221;on|5px|5px|5px|5px&#8221; global_colors_info=&#8221;{}&#8221; theme_builder_area=&#8221;et_body_layout&#8221;][\/et_pb_toggle][et_pb_toggle title=&#8221;Como posso apresentar uma den\u00fancia?&#8221; toggle_icon=&#8221;&#x27;||divi||400&#8243; open_toggle_icon=&#8221;&#x4a;||divi||400&#8243; admin_label=&#8221;Q16&#8243; _builder_version=&#8221;4.16&#8243; _module_preset=&#8221;default&#8221; title_font=&#8221;|700|||||||&#8221; title_font_size=&#8221;18px&#8221; border_radii=&#8221;on|5px|5px|5px|5px&#8221; global_colors_info=&#8221;{}&#8221; theme_builder_area=&#8221;et_body_layout&#8221;][\/et_pb_toggle][et_pb_toggle title=&#8221;Quais s\u00e3o os Canais de Den\u00fancia Interna?&#8221; toggle_icon=&#8221;&#x27;||divi||400&#8243; open_toggle_icon=&#8221;&#x4a;||divi||400&#8243; admin_label=&#8221;Q17&#8243; _builder_version=&#8221;4.16&#8243; _module_preset=&#8221;default&#8221; title_font=&#8221;|700|||||||&#8221; title_font_size=&#8221;18px&#8221; border_radii=&#8221;on|5px|5px|5px|5px&#8221; global_colors_info=&#8221;{}&#8221; theme_builder_area=&#8221;et_body_layout&#8221;][\/et_pb_toggle][et_pb_toggle title=&#8221;Posso apresentar uma den\u00fancia verbalmente?&#8221; toggle_icon=&#8221;&#x27;||divi||400&#8243; open_toggle_icon=&#8221;&#x4a;||divi||400&#8243; admin_label=&#8221;Q18&#8243; _builder_version=&#8221;4.16&#8243; _module_preset=&#8221;default&#8221; title_font=&#8221;|700|||||||&#8221; title_font_size=&#8221;18px&#8221; border_radii=&#8221;on|5px|5px|5px|5px&#8221; global_colors_info=&#8221;{}&#8221; theme_builder_area=&#8221;et_body_layout&#8221;][\/et_pb_toggle][et_pb_toggle title=&#8221;Posso apresentar uma den\u00fancia presencialmente?&#8221; toggle_icon=&#8221;&#x27;||divi||400&#8243; open_toggle_icon=&#8221;&#x4a;||divi||400&#8243; admin_label=&#8221;Q19&#8243; _builder_version=&#8221;4.16&#8243; _module_preset=&#8221;default&#8221; title_font=&#8221;|700|||||||&#8221; title_font_size=&#8221;18px&#8221; border_radii=&#8221;on|5px|5px|5px|5px&#8221; global_colors_info=&#8221;{}&#8221; theme_builder_area=&#8221;et_body_layout&#8221;][\/et_pb_toggle][et_pb_toggle title=&#8221;Como devo estruturar a minha den\u00fancia?&#8221; toggle_icon=&#8221;&#x27;||divi||400&#8243; open_toggle_icon=&#8221;&#x4a;||divi||400&#8243; admin_label=&#8221;Q20&#8243; _builder_version=&#8221;4.16&#8243; _module_preset=&#8221;default&#8221; title_font=&#8221;|700|||||||&#8221; title_font_size=&#8221;18px&#8221; border_radii=&#8221;on|5px|5px|5px|5px&#8221; global_colors_info=&#8221;{}&#8221; theme_builder_area=&#8221;et_body_layout&#8221;][\/et_pb_toggle][et_pb_toggle title=&#8221;Existe algum modelo de formul\u00e1rio que possa utilizar para apresentar a den\u00fancia?&#8221; toggle_icon=&#8221;&#x27;||divi||400&#8243; open_toggle_icon=&#8221;&#x4a;||divi||400&#8243; admin_label=&#8221;Q21&#8243; _builder_version=&#8221;4.16&#8243; _module_preset=&#8221;default&#8221; title_font=&#8221;|700|||||||&#8221; title_font_size=&#8221;18px&#8221; border_radii=&#8221;on|5px|5px|5px|5px&#8221; global_colors_info=&#8221;{}&#8221; theme_builder_area=&#8221;et_body_layout&#8221;][\/et_pb_toggle][et_pb_toggle title=&#8221;Como \u00e9 que posso fazer o seguimento da den\u00fancia apresentada?&#8221; toggle_icon=&#8221;&#x27;||divi||400&#8243; open_toggle_icon=&#8221;&#x4a;||divi||400&#8243; admin_label=&#8221;Q22&#8243; _builder_version=&#8221;4.16&#8243; _module_preset=&#8221;default&#8221; title_font=&#8221;|700|||||||&#8221; title_font_size=&#8221;18px&#8221; border_radii=&#8221;on|5px|5px|5px|5px&#8221; global_colors_info=&#8221;{}&#8221; theme_builder_area=&#8221;et_body_layout&#8221;][\/et_pb_toggle][et_pb_toggle title=&#8221;Vou receber resposta \u00e0 minha den\u00fancia?&#8221; toggle_icon=&#8221;&#x27;||divi||400&#8243; open_toggle_icon=&#8221;&#x4a;||divi||400&#8243; admin_label=&#8221;Q23&#8243; _builder_version=&#8221;4.16&#8243; _module_preset=&#8221;default&#8221; title_font=&#8221;|700|||||||&#8221; title_font_size=&#8221;18px&#8221; border_radii=&#8221;on|5px|5px|5px|5px&#8221; global_colors_info=&#8221;{}&#8221; theme_builder_area=&#8221;et_body_layout&#8221;][\/et_pb_toggle][et_pb_toggle title=&#8221;Est\u00e1 garantida a confidencialidade das den\u00fancias e da identidade do denunciante?&#8221; toggle_icon=&#8221;&#x27;||divi||400&#8243; open_toggle_icon=&#8221;&#x4a;||divi||400&#8243; admin_label=&#8221;Q24&#8243; _builder_version=&#8221;4.16&#8243; _module_preset=&#8221;default&#8221; title_font=&#8221;|700|||||||&#8221; title_font_size=&#8221;18px&#8221; border_radii=&#8221;on|5px|5px|5px|5px&#8221; global_colors_info=&#8221;{}&#8221; theme_builder_area=&#8221;et_body_layout&#8221;][\/et_pb_toggle][et_pb_toggle title=&#8221;Como \u00e9 feito o tratamento dos dados pessoais?&#8221; toggle_icon=&#8221;&#x27;||divi||400&#8243; open_toggle_icon=&#8221;&#x4a;||divi||400&#8243; admin_label=&#8221;Q25&#8243; _builder_version=&#8221;4.16&#8243; _module_preset=&#8221;default&#8221; title_font=&#8221;|700|||||||&#8221; title_font_size=&#8221;18px&#8221; border_radii=&#8221;on|5px|5px|5px|5px&#8221; global_colors_info=&#8221;{}&#8221; theme_builder_area=&#8221;et_body_layout&#8221;][\/et_pb_toggle][et_pb_toggle title=&#8221;Como \u00e9 feita  e quais s\u00e3o os prazos de conserva\u00e7\u00e3o das den\u00fancias?&#8221; toggle_icon=&#8221;&#x27;||divi||400&#8243; open_toggle_icon=&#8221;&#x4a;||divi||400&#8243; admin_label=&#8221;Q26&#8243; _builder_version=&#8221;4.16&#8243; _module_preset=&#8221;default&#8221; title_font=&#8221;|700|||||||&#8221; title_font_size=&#8221;18px&#8221; border_radii=&#8221;on|5px|5px|5px|5px&#8221; global_colors_info=&#8221;{}&#8221; theme_builder_area=&#8221;et_body_layout&#8221;][\/et_pb_toggle][et_pb_toggle title=&#8221;Quais s\u00e3o as medidas de prote\u00e7\u00e3o do denunciante?&#8221; toggle_icon=&#8221;&#x27;||divi||400&#8243; open_toggle_icon=&#8221;&#x4a;||divi||400&#8243; admin_label=&#8221;Q27&#8243; _builder_version=&#8221;4.16&#8243; _module_preset=&#8221;default&#8221; title_font=&#8221;|700|||||||&#8221; title_font_size=&#8221;18px&#8221; border_radii=&#8221;on|5px|5px|5px|5px&#8221; global_colors_info=&#8221;{}&#8221; theme_builder_area=&#8221;et_body_layout&#8221;][\/et_pb_toggle][et_pb_toggle title=&#8221;Quais s\u00e3o os meios de contacto com a equipa Respons\u00e1vel pelas Den\u00fancias?&#8221; toggle_icon=&#8221;&#x27;||divi||400&#8243; open_toggle_icon=&#8221;&#x4a;||divi||400&#8243; admin_label=&#8221;Q28&#8243; _builder_version=&#8221;4.16&#8243; _module_preset=&#8221;default&#8221; title_font=&#8221;|700|||||||&#8221; title_font_size=&#8221;18px&#8221; border_radii=&#8221;on|5px|5px|5px|5px&#8221; global_colors_info=&#8221;{}&#8221; theme_builder_area=&#8221;et_body_layout&#8221;][\/et_pb_toggle][et_pb_toggle title=&#8221;Aonde posso encontrar mais informa\u00e7\u00e3o sobre a prote\u00e7\u00e3o de denunciantes?&#8221; toggle_icon=&#8221;&#x27;||divi||400&#8243; open_toggle_icon=&#8221;&#x4a;||divi||400&#8243; admin_label=&#8221;Q29&#8243; _builder_version=&#8221;4.16&#8243; _module_preset=&#8221;default&#8221; title_font=&#8221;|700|||||||&#8221; title_font_size=&#8221;18px&#8221; border_radii=&#8221;on|5px|5px|5px|5px&#8221; global_colors_info=&#8221;{}&#8221; theme_builder_area=&#8221;et_body_layout&#8221;][\/et_pb_toggle][et_pb_toggle title=&#8221;Aonde posso consultar as normas jur\u00eddicas aplic\u00e1veis neste \u00e2mbito?&#8221; toggle_icon=&#8221;&#x27;||divi||400&#8243; open_toggle_icon=&#8221;&#x4a;||divi||400&#8243; admin_label=&#8221;Q30&#8243; _builder_version=&#8221;4.16&#8243; _module_preset=&#8221;default&#8221; title_font=&#8221;|700|||||||&#8221; title_font_size=&#8221;18px&#8221; border_radii=&#8221;on|5px|5px|5px|5px&#8221; global_colors_info=&#8221;{}&#8221; theme_builder_area=&#8221;et_body_layout&#8221;][\/et_pb_toggle][et_pb_toggle title=&#8221;Aonde posso consultar as normas internas da minha organiza\u00e7\u00e3o?&#8221; toggle_icon=&#8221;&#x27;||divi||400&#8243; open_toggle_icon=&#8221;&#x4a;||divi||400&#8243; admin_label=&#8221;Q31&#8243; _builder_version=&#8221;4.16&#8243; _module_preset=&#8221;default&#8221; title_font=&#8221;|700|||||||&#8221; title_font_size=&#8221;18px&#8221; border_radii=&#8221;on|5px|5px|5px|5px&#8221; global_colors_info=&#8221;{}&#8221; theme_builder_area=&#8221;et_body_layout&#8221;][\/et_pb_toggle][et_pb_toggle title=&#8221;Quem posso contactar caso tenha d\u00favidas ou necessite de ajuda e conselho pr\u00e9vio para comunicar ou denunciar uma infra\u00e7\u00e3o?&#8221; toggle_icon=&#8221;&#x27;||divi||400&#8243; open_toggle_icon=&#8221;&#x4a;||divi||400&#8243; admin_label=&#8221;Q32&#8243; _builder_version=&#8221;4.16&#8243; _module_preset=&#8221;default&#8221; title_font=&#8221;|700|||||||&#8221; title_font_size=&#8221;18px&#8221; border_radii=&#8221;on|5px|5px|5px|5px&#8221; global_colors_info=&#8221;{}&#8221; theme_builder_area=&#8221;et_body_layout&#8221;][\/et_pb_toggle][et_pb_toggle title=&#8221;Qual \u00e9 a liga\u00e7\u00e3o  de acesso \u00e0 plataforma do Canal de Den\u00fancia?&#8221; toggle_icon=&#8221;&#x27;||divi||400&#8243; open_toggle_icon=&#8221;&#x4a;||divi||400&#8243; admin_label=&#8221;Q33&#8243; _builder_version=&#8221;4.16&#8243; _module_preset=&#8221;default&#8221; title_font=&#8221;|700|||||||&#8221; title_font_size=&#8221;18px&#8221; border_radii=&#8221;on|5px|5px|5px|5px&#8221; global_colors_info=&#8221;{}&#8221; theme_builder_area=&#8221;et_body_layout&#8221;][\/et_pb_toggle][et_pb_toggle title=&#8221;Qual \u00e9 a liga\u00e7\u00e3o de acesso \u00e0 Plataforma do Reposit\u00f3rio de Conformidade?&#8221; toggle_icon=&#8221;&#x27;||divi||400&#8243; open_toggle_icon=&#8221;&#x4a;||divi||400&#8243; admin_label=&#8221;Q34&#8243; _builder_version=&#8221;4.16&#8243; _module_preset=&#8221;default&#8221; title_font=&#8221;|700|||||||&#8221; title_font_size=&#8221;18px&#8221; border_radii=&#8221;on|5px|5px|5px|5px&#8221; global_colors_info=&#8221;{}&#8221; theme_builder_area=&#8221;et_body_layout&#8221;][\/et_pb_toggle][et_pb_toggle title=&#8221;Aonde posso consultar a informa\u00e7\u00e3o detalhada sobre prote\u00e7\u00e3o de dados do denunciante?&#8221; toggle_icon=&#8221;&#x27;||divi||400&#8243; open_toggle_icon=&#8221;&#x4a;||divi||400&#8243; admin_label=&#8221;Q35&#8243; _builder_version=&#8221;4.16&#8243; _module_preset=&#8221;default&#8221; title_font=&#8221;|700|||||||&#8221; title_font_size=&#8221;18px&#8221; border_radii=&#8221;on|5px|5px|5px|5px&#8221; global_colors_info=&#8221;{}&#8221; theme_builder_area=&#8221;et_body_layout&#8221;][\/et_pb_toggle][\/et_pb_column][\/et_pb_row][\/et_pb_section]<\/p>\n","protected":false},"excerpt":{"rendered":"","protected":false},"author":1,"featured_media":0,"parent":24516,"menu_order":1,"comment_status":"closed","ping_status":"closed","template":"","meta":{"_et_pb_use_builder":"on","_et_pb_old_content":"","_et_gb_content_width":"","inline_featured_image":false,"footnotes":""},"categories":[5,4],"tags":[],"class_list":["post-24499","page","type-page","status-publish","hentry","category-general_page","category-whistleblowing-channel"],"_links":{"self":[{"href":"https:\/\/anticorrupcao.pt\/cm-riomaior\/wp-json\/wp\/v2\/pages\/24499","targetHints":{"allow":["GET"]}}],"collection":[{"href":"https:\/\/anticorrupcao.pt\/cm-riomaior\/wp-json\/wp\/v2\/pages"}],"about":[{"href":"https:\/\/anticorrupcao.pt\/cm-riomaior\/wp-json\/wp\/v2\/types\/page"}],"author":[{"embeddable":true,"href":"https:\/\/anticorrupcao.pt\/cm-riomaior\/wp-json\/wp\/v2\/users\/1"}],"replies":[{"embeddable":true,"href":"https:\/\/anticorrupcao.pt\/cm-riomaior\/wp-json\/wp\/v2\/comments?post=24499"}],"version-history":[{"count":0,"href":"https:\/\/anticorrupcao.pt\/cm-riomaior\/wp-json\/wp\/v2\/pages\/24499\/revisions"}],"up":[{"embeddable":true,"href":"https:\/\/anticorrupcao.pt\/cm-riomaior\/wp-json\/wp\/v2\/pages\/24516"}],"wp:attachment":[{"href":"https:\/\/anticorrupcao.pt\/cm-riomaior\/wp-json\/wp\/v2\/media?parent=24499"}],"wp:term":[{"taxonomy":"category","embeddable":true,"href":"https:\/\/anticorrupcao.pt\/cm-riomaior\/wp-json\/wp\/v2\/categories?post=24499"},{"taxonomy":"post_tag","embeddable":true,"href":"https:\/\/anticorrupcao.pt\/cm-riomaior\/wp-json\/wp\/v2\/tags?post=24499"}],"curies":[{"name":"wp","href":"https:\/\/api.w.org\/{rel}","templated":true}]}}