{"id":24497,"date":"2023-09-27T16:01:15","date_gmt":"2023-09-27T16:01:15","guid":{"rendered":"https:\/\/prevencaodacorrupcao.com\/audiqcer\/?page_id=24497"},"modified":"2025-02-24T15:05:27","modified_gmt":"2025-02-24T15:05:27","slug":"normasaplicaveis","status":"publish","type":"page","link":"https:\/\/anticorrupcao.pt\/cm-riomaior\/p\/informacao-complementar\/normasaplicaveis\/","title":{"rendered":"Normas Aplic\u00e1veis"},"content":{"rendered":"<p>[et_pb_section fb_built=&#8221;1&#8243; _builder_version=&#8221;4.21.0&#8243; _module_preset=&#8221;default&#8221; background_color=&#8221;#ececec&#8221; height_tablet=&#8221;&#8221; height_phone=&#8221;&#8221; height_last_edited=&#8221;on|desktop&#8221; max_height=&#8221;100vh&#8221; max_height_tablet=&#8221;100vh&#8221; max_height_phone=&#8221;100vh&#8221; max_height_last_edited=&#8221;on|desktop&#8221; custom_padding=&#8221;||315px|||&#8221; global_colors_info=&#8221;{}&#8221; theme_builder_area=&#8221;post_content&#8221; da_is_popup=&#8221;off&#8221; da_exit_intent=&#8221;off&#8221; da_has_close=&#8221;on&#8221; da_alt_close=&#8221;off&#8221; da_dark_close=&#8221;off&#8221; da_not_modal=&#8221;on&#8221; da_is_singular=&#8221;off&#8221; da_with_loader=&#8221;off&#8221; da_has_shadow=&#8221;on&#8221; da_disable_devices=&#8221;off|off|off&#8221;][et_pb_row column_structure=&#8221;1_2,1_2&#8243; _builder_version=&#8221;4.22.1&#8243; _module_preset=&#8221;default&#8221; positioning=&#8221;fixed&#8221; position_origin_f=&#8221;center_center&#8221; position_origin_a_tablet=&#8221;&#8221; position_origin_a_phone=&#8221;&#8221; position_origin_a_last_edited=&#8221;on|desktop&#8221; position_origin_f_tablet=&#8221;center_center&#8221; position_origin_f_phone=&#8221;center_center&#8221; position_origin_f_last_edited=&#8221;on|desktop&#8221; position_origin_r_tablet=&#8221;&#8221; position_origin_r_phone=&#8221;&#8221; position_origin_r_last_edited=&#8221;on|desktop&#8221; max_width=&#8221;1380px&#8221; custom_margin=&#8221;|auto||auto|false|false&#8221; custom_margin_last_edited=&#8221;off|tablet&#8221; positioning_tablet=&#8221;none&#8221; positioning_phone=&#8221;none&#8221; positioning_last_edited=&#8221;on|tablet&#8221; global_colors_info=&#8221;{}&#8221; custom_margin__hover_enabled=&#8221;off|desktop&#8221; theme_builder_area=&#8221;post_content&#8221;][et_pb_column type=&#8221;1_2&#8243; _builder_version=&#8221;4.21.0&#8243; _module_preset=&#8221;default&#8221; global_colors_info=&#8221;{}&#8221; theme_builder_area=&#8221;post_content&#8221;][et_pb_blurb title=&#8221;Respons\u00e1vel pelas Den\u00fancias  &#8221; url_new_window=&#8221;on&#8221; use_icon=&#8221;on&#8221; font_icon=&#8221;&#xf505;||fa||900&#8243; icon_color=&#8221;#5bb7e0&#8243; image_icon_width=&#8221;38px&#8221; icon_alignment=&#8221;left&#8221; content_max_width=&#8221;100%&#8221; _builder_version=&#8221;4.22.1&#8243; _module_preset=&#8221;default&#8221; header_font=&#8221;|700|||||||&#8221; header_text_align=&#8221;left&#8221; header_text_color=&#8221;#545454&#8243; header_font_size=&#8221;18px&#8221; body_text_align=&#8221;left&#8221; transform_translate_linked=&#8221;off&#8221; custom_padding=&#8221;12px|8px|12px|8px|true|true&#8221; link_option_url_new_window=&#8221;on&#8221; border_radii=&#8221;on|2px|2px|2px|2px&#8221; border_color_top=&#8221;#e0e0e0&#8243; border_color_bottom=&#8221;#E0E0E0&#8243; global_colors_info=&#8221;{}&#8221; box_shadow_blur__hover_enabled=&#8221;on|hover&#8221; box_shadow_blur__hover=&#8221;&#8221; box_shadow_vertical__hover_enabled=&#8221;on|hover&#8221; box_shadow_vertical__hover=&#8221;&#8221; border_width_top__hover_enabled=&#8221;on|hover&#8221; border_width_top__hover=&#8221;0px&#8221; custom_margin__hover_enabled=&#8221;on|hover&#8221; custom_margin__hover=&#8221;||||false|false&#8221; border_width_bottom__hover_enabled=&#8221;off|desktop&#8221; border_width_bottom__hover=&#8221;2px&#8221; transform_styles__hover_enabled=&#8221;off|hover&#8221; transform_scale__hover_enabled=&#8221;off|hover&#8221; transform_translate__hover_enabled=&#8221;off|hover&#8221; transform_rotate__hover_enabled=&#8221;off|hover&#8221; transform_skew__hover_enabled=&#8221;off|hover&#8221; transform_origin__hover_enabled=&#8221;off|hover&#8221; transform_translate__hover=&#8221;0px|-22px&#8221; theme_builder_area=&#8221;post_content&#8221; disabled_on=&#8221;on|on|on&#8221; disabled=&#8221;on&#8221;][\/et_pb_blurb][et_pb_text _builder_version=&#8221;4.21.0&#8243; _module_preset=&#8221;default&#8221; global_colors_info=&#8221;{}&#8221; theme_builder_area=&#8221;post_content&#8221; disabled_on=&#8221;on|on|on&#8221; disabled=&#8221;on&#8221;]<\/p>\n<p><strong>Nome:<\/strong> [Nome]<\/p>\n<p><strong>Telefone:<\/strong> [Telefone]<\/p>\n<p><strong>Email:<\/strong> [Email]<\/p>\n<p><strong>Endere\u00e7o Postal:<\/strong> [Endere\u00e7o Postal]<\/p>\n<p>[\/et_pb_text][\/et_pb_column][et_pb_column type=&#8221;1_2&#8243; _builder_version=&#8221;4.21.0&#8243; _module_preset=&#8221;default&#8221; global_colors_info=&#8221;{}&#8221; theme_builder_area=&#8221;post_content&#8221;][et_pb_blurb title=&#8221;Respons\u00e1vel pelo Cumprimento Normativo  &#8221; url_new_window=&#8221;on&#8221; use_icon=&#8221;on&#8221; font_icon=&#8221;&#xf505;||fa||900&#8243; icon_color=&#8221;#5bb7e0&#8243; image_icon_width=&#8221;38px&#8221; icon_alignment=&#8221;left&#8221; content_max_width=&#8221;100%&#8221; _builder_version=&#8221;4.22.1&#8243; _module_preset=&#8221;default&#8221; header_font=&#8221;|700|||||||&#8221; header_text_align=&#8221;left&#8221; header_text_color=&#8221;#545454&#8243; header_font_size=&#8221;18px&#8221; body_text_align=&#8221;left&#8221; transform_translate_linked=&#8221;off&#8221; custom_padding=&#8221;12px|8px|12px|8px|true|true&#8221; link_option_url_new_window=&#8221;on&#8221; border_radii=&#8221;on|2px|2px|2px|2px&#8221; border_color_top=&#8221;#e0e0e0&#8243; border_color_bottom=&#8221;#E0E0E0&#8243; global_colors_info=&#8221;{}&#8221; box_shadow_blur__hover_enabled=&#8221;on|hover&#8221; box_shadow_blur__hover=&#8221;&#8221; box_shadow_vertical__hover_enabled=&#8221;on|hover&#8221; box_shadow_vertical__hover=&#8221;&#8221; border_width_top__hover_enabled=&#8221;on|hover&#8221; border_width_top__hover=&#8221;0px&#8221; custom_margin__hover_enabled=&#8221;on|hover&#8221; custom_margin__hover=&#8221;||||false|false&#8221; border_width_bottom__hover_enabled=&#8221;off|desktop&#8221; border_width_bottom__hover=&#8221;2px&#8221; transform_styles__hover_enabled=&#8221;off|hover&#8221; transform_scale__hover_enabled=&#8221;off|hover&#8221; transform_translate__hover_enabled=&#8221;off|hover&#8221; transform_rotate__hover_enabled=&#8221;off|hover&#8221; transform_skew__hover_enabled=&#8221;off|hover&#8221; transform_origin__hover_enabled=&#8221;off|hover&#8221; transform_translate__hover=&#8221;0px|-22px&#8221; theme_builder_area=&#8221;post_content&#8221; disabled_on=&#8221;on|on|on&#8221; disabled=&#8221;on&#8221;][\/et_pb_blurb][et_pb_text _builder_version=&#8221;4.21.0&#8243; _module_preset=&#8221;default&#8221; global_colors_info=&#8221;{}&#8221; theme_builder_area=&#8221;post_content&#8221; disabled_on=&#8221;on|on|on&#8221; disabled=&#8221;on&#8221;]<\/p>\n<p><strong>Nome:<\/strong> [Nome]<\/p>\n<p><strong>Telefone:<\/strong> [Telefone]<\/p>\n<p><strong>Email:<\/strong> [Email]<\/p>\n<p><strong>Endere\u00e7o Postal:<\/strong> [Endere\u00e7o Postal]<\/p>\n<p>[\/et_pb_text][\/et_pb_column][\/et_pb_row][\/et_pb_section]<\/p>\n","protected":false},"excerpt":{"rendered":"<p>Nome: [Nome] Telefone: [Telefone] Email: [Email] Endere\u00e7o Postal: [Endere\u00e7o Postal]Nome: [Nome] Telefone: [Telefone] Email: [Email] Endere\u00e7o Postal: [Endere\u00e7o Postal]<\/p>\n","protected":false},"author":1,"featured_media":0,"parent":24516,"menu_order":1,"comment_status":"closed","ping_status":"closed","template":"","meta":{"_et_pb_use_builder":"on","_et_pb_old_content":"","_et_gb_content_width":"","inline_featured_image":false,"footnotes":""},"categories":[5,4],"tags":[],"class_list":["post-24497","page","type-page","status-publish","hentry","category-general_page","category-whistleblowing-channel"],"_links":{"self":[{"href":"https:\/\/anticorrupcao.pt\/cm-riomaior\/wp-json\/wp\/v2\/pages\/24497","targetHints":{"allow":["GET"]}}],"collection":[{"href":"https:\/\/anticorrupcao.pt\/cm-riomaior\/wp-json\/wp\/v2\/pages"}],"about":[{"href":"https:\/\/anticorrupcao.pt\/cm-riomaior\/wp-json\/wp\/v2\/types\/page"}],"author":[{"embeddable":true,"href":"https:\/\/anticorrupcao.pt\/cm-riomaior\/wp-json\/wp\/v2\/users\/1"}],"replies":[{"embeddable":true,"href":"https:\/\/anticorrupcao.pt\/cm-riomaior\/wp-json\/wp\/v2\/comments?post=24497"}],"version-history":[{"count":1,"href":"https:\/\/anticorrupcao.pt\/cm-riomaior\/wp-json\/wp\/v2\/pages\/24497\/revisions"}],"predecessor-version":[{"id":24862,"href":"https:\/\/anticorrupcao.pt\/cm-riomaior\/wp-json\/wp\/v2\/pages\/24497\/revisions\/24862"}],"up":[{"embeddable":true,"href":"https:\/\/anticorrupcao.pt\/cm-riomaior\/wp-json\/wp\/v2\/pages\/24516"}],"wp:attachment":[{"href":"https:\/\/anticorrupcao.pt\/cm-riomaior\/wp-json\/wp\/v2\/media?parent=24497"}],"wp:term":[{"taxonomy":"category","embeddable":true,"href":"https:\/\/anticorrupcao.pt\/cm-riomaior\/wp-json\/wp\/v2\/categories?post=24497"},{"taxonomy":"post_tag","embeddable":true,"href":"https:\/\/anticorrupcao.pt\/cm-riomaior\/wp-json\/wp\/v2\/tags?post=24497"}],"curies":[{"name":"wp","href":"https:\/\/api.w.org\/{rel}","templated":true}]}}