{"id":24796,"date":"2024-04-02T11:55:32","date_gmt":"2024-04-02T11:55:32","guid":{"rendered":"https:\/\/anticorrupcao.pt\/ccambombarral\/?page_id=24796"},"modified":"2024-04-02T11:57:01","modified_gmt":"2024-04-02T11:57:01","slug":"politica-de-prevencao-de-riscos","status":"publish","type":"page","link":"https:\/\/anticorrupcao.pt\/ccambombarral\/p\/programa-de-cumprimento\/politica-de-prevencao-de-riscos\/","title":{"rendered":"Pol\u00edtica de Preven\u00e7\u00e3o de Riscos"},"content":{"rendered":"\n<div data-wp-interactive=\"core\/file\" class=\"wp-block-file\"><object data-wp-bind--hidden=\"!state.hasPdfPreview\" hidden class=\"wp-block-file__embed\" data=\"https:\/\/anticorrupcao.pt\/ccambombarral\/wp-content\/uploads\/sites\/7\/2024\/04\/Politica-de-Prevencao-de-Riscos-de-Corrupcao-e-Infracoes-Conexas.pdf\" type=\"application\/pdf\" style=\"width:100%;height:600px\" aria-label=\"Embed of Pol\u00edtica de Preven\u00e7\u00e3o de Riscos de Corrup\u00e7\u00e3o e Infra\u00e7\u00f5es Conexas.\"><\/object><a id=\"wp-block-file--media-bd5f6652-6d0a-4e6b-b300-f25f4abb365c\" href=\"https:\/\/anticorrupcao.pt\/ccambombarral\/wp-content\/uploads\/sites\/7\/2024\/04\/Politica-de-Prevencao-de-Riscos-de-Corrupcao-e-Infracoes-Conexas.pdf\">Pol\u00edtica de Preven\u00e7\u00e3o de Riscos de Corrup\u00e7\u00e3o e Infra\u00e7\u00f5es Conexas<\/a><a href=\"https:\/\/anticorrupcao.pt\/ccambombarral\/wp-content\/uploads\/sites\/7\/2024\/04\/Politica-de-Prevencao-de-Riscos-de-Corrupcao-e-Infracoes-Conexas.pdf\" class=\"wp-block-file__button wp-element-button\" download aria-describedby=\"wp-block-file--media-bd5f6652-6d0a-4e6b-b300-f25f4abb365c\">Download<\/a><\/div>\n","protected":false},"excerpt":{"rendered":"","protected":false},"author":1,"featured_media":0,"parent":24509,"menu_order":10,"comment_status":"closed","ping_status":"closed","template":"","meta":{"_et_pb_use_builder":"off","_et_pb_old_content":"","_et_gb_content_width":"","inline_featured_image":false,"footnotes":""},"categories":[],"tags":[],"class_list":["post-24796","page","type-page","status-publish","hentry"],"_links":{"self":[{"href":"https:\/\/anticorrupcao.pt\/ccambombarral\/wp-json\/wp\/v2\/pages\/24796","targetHints":{"allow":["GET"]}}],"collection":[{"href":"https:\/\/anticorrupcao.pt\/ccambombarral\/wp-json\/wp\/v2\/pages"}],"about":[{"href":"https:\/\/anticorrupcao.pt\/ccambombarral\/wp-json\/wp\/v2\/types\/page"}],"author":[{"embeddable":true,"href":"https:\/\/anticorrupcao.pt\/ccambombarral\/wp-json\/wp\/v2\/users\/1"}],"replies":[{"embeddable":true,"href":"https:\/\/anticorrupcao.pt\/ccambombarral\/wp-json\/wp\/v2\/comments?post=24796"}],"version-history":[{"count":3,"href":"https:\/\/anticorrupcao.pt\/ccambombarral\/wp-json\/wp\/v2\/pages\/24796\/revisions"}],"predecessor-version":[{"id":24799,"href":"https:\/\/anticorrupcao.pt\/ccambombarral\/wp-json\/wp\/v2\/pages\/24796\/revisions\/24799"}],"up":[{"embeddable":true,"href":"https:\/\/anticorrupcao.pt\/ccambombarral\/wp-json\/wp\/v2\/pages\/24509"}],"wp:attachment":[{"href":"https:\/\/anticorrupcao.pt\/ccambombarral\/wp-json\/wp\/v2\/media?parent=24796"}],"wp:term":[{"taxonomy":"category","embeddable":true,"href":"https:\/\/anticorrupcao.pt\/ccambombarral\/wp-json\/wp\/v2\/categories?post=24796"},{"taxonomy":"post_tag","embeddable":true,"href":"https:\/\/anticorrupcao.pt\/ccambombarral\/wp-json\/wp\/v2\/tags?post=24796"}],"curies":[{"name":"wp","href":"https:\/\/api.w.org\/{rel}","templated":true}]}}