{"id":24485,"date":"2023-09-27T15:56:50","date_gmt":"2023-09-27T15:56:50","guid":{"rendered":"https:\/\/prevencaodacorrupcao.com\/audiqcer\/?page_id=24485"},"modified":"2024-04-02T11:58:43","modified_gmt":"2024-04-02T11:58:43","slug":"conflitosdeinteresses","status":"publish","type":"page","link":"https:\/\/anticorrupcao.pt\/ccambombarral\/p\/programa-de-cumprimento\/conflitosdeinteresses\/","title":{"rendered":"Conflitos de Interesses"},"content":{"rendered":"\n<div data-wp-interactive=\"core\/file\" class=\"wp-block-file\"><object data-wp-bind--hidden=\"!state.hasPdfPreview\" hidden class=\"wp-block-file__embed\" data=\"https:\/\/anticorrupcao.pt\/ccambombarral\/wp-content\/uploads\/sites\/7\/2024\/04\/Politica-de-Prevencao-e-Gestao-de-Conflitos-de-Interesses-e-Transacoes-com-Partes-Relacionadas.pdf\" type=\"application\/pdf\" style=\"width:100%;height:600px\" aria-label=\"Embed of Pol\u00edtica de Preven\u00e7\u00e3o e Gest\u00e3o de Conflitos de Interesses e Transa\u00e7\u00f5es com Partes Relacionadas.\"><\/object><a id=\"wp-block-file--media-c9c78ccd-5932-4ad7-986b-4e4d2a43a73e\" href=\"https:\/\/anticorrupcao.pt\/ccambombarral\/wp-content\/uploads\/sites\/7\/2024\/04\/Politica-de-Prevencao-e-Gestao-de-Conflitos-de-Interesses-e-Transacoes-com-Partes-Relacionadas.pdf\">Pol\u00edtica de Preven\u00e7\u00e3o e Gest\u00e3o de Conflitos de Interesses e Transa\u00e7\u00f5es com Partes Relacionadas<\/a><a href=\"https:\/\/anticorrupcao.pt\/ccambombarral\/wp-content\/uploads\/sites\/7\/2024\/04\/Politica-de-Prevencao-e-Gestao-de-Conflitos-de-Interesses-e-Transacoes-com-Partes-Relacionadas.pdf\" class=\"wp-block-file__button wp-element-button\" download aria-describedby=\"wp-block-file--media-c9c78ccd-5932-4ad7-986b-4e4d2a43a73e\">Download<\/a><\/div>\n","protected":false},"excerpt":{"rendered":"","protected":false},"author":1,"featured_media":0,"parent":24509,"menu_order":7,"comment_status":"closed","ping_status":"closed","template":"","meta":{"_et_pb_use_builder":"off","_et_pb_old_content":"","_et_gb_content_width":"","inline_featured_image":false,"footnotes":""},"categories":[5,4],"tags":[],"class_list":["post-24485","page","type-page","status-publish","hentry","category-general_page","category-whistleblowing-channel"],"_links":{"self":[{"href":"https:\/\/anticorrupcao.pt\/ccambombarral\/wp-json\/wp\/v2\/pages\/24485","targetHints":{"allow":["GET"]}}],"collection":[{"href":"https:\/\/anticorrupcao.pt\/ccambombarral\/wp-json\/wp\/v2\/pages"}],"about":[{"href":"https:\/\/anticorrupcao.pt\/ccambombarral\/wp-json\/wp\/v2\/types\/page"}],"author":[{"embeddable":true,"href":"https:\/\/anticorrupcao.pt\/ccambombarral\/wp-json\/wp\/v2\/users\/1"}],"replies":[{"embeddable":true,"href":"https:\/\/anticorrupcao.pt\/ccambombarral\/wp-json\/wp\/v2\/comments?post=24485"}],"version-history":[{"count":1,"href":"https:\/\/anticorrupcao.pt\/ccambombarral\/wp-json\/wp\/v2\/pages\/24485\/revisions"}],"predecessor-version":[{"id":24802,"href":"https:\/\/anticorrupcao.pt\/ccambombarral\/wp-json\/wp\/v2\/pages\/24485\/revisions\/24802"}],"up":[{"embeddable":true,"href":"https:\/\/anticorrupcao.pt\/ccambombarral\/wp-json\/wp\/v2\/pages\/24509"}],"wp:attachment":[{"href":"https:\/\/anticorrupcao.pt\/ccambombarral\/wp-json\/wp\/v2\/media?parent=24485"}],"wp:term":[{"taxonomy":"category","embeddable":true,"href":"https:\/\/anticorrupcao.pt\/ccambombarral\/wp-json\/wp\/v2\/categories?post=24485"},{"taxonomy":"post_tag","embeddable":true,"href":"https:\/\/anticorrupcao.pt\/ccambombarral\/wp-json\/wp\/v2\/tags?post=24485"}],"curies":[{"name":"wp","href":"https:\/\/api.w.org\/{rel}","templated":true}]}}