{"id":23858,"date":"2023-07-28T06:40:48","date_gmt":"2023-07-28T06:40:48","guid":{"rendered":"https:\/\/www.denuncias.pt\/?page_id=23858"},"modified":"2024-04-02T11:52:51","modified_gmt":"2024-04-02T11:52:51","slug":"planoprevencao","status":"publish","type":"page","link":"https:\/\/anticorrupcao.pt\/ccambombarral\/p\/programa-de-cumprimento\/planoprevencao\/","title":{"rendered":"Plano de Preven\u00e7\u00e3o"},"content":{"rendered":"\n<div data-wp-interactive=\"core\/file\" class=\"wp-block-file\"><object data-wp-bind--hidden=\"!state.hasPdfPreview\" hidden class=\"wp-block-file__embed\" data=\"https:\/\/anticorrupcao.pt\/ccambombarral\/wp-content\/uploads\/sites\/7\/2024\/04\/Plano-de-Prevencao-da-Corrupcao-e-Riscos-Conexos.pdf\" type=\"application\/pdf\" style=\"width:100%;height:600px\" aria-label=\"Embed of Plano de Preven\u00e7\u00e3o da Corrup\u00e7\u00e3o e Riscos Conexos.\"><\/object><a id=\"wp-block-file--media-687103f2-7519-4706-bfaa-765d2a0cc09f\" href=\"https:\/\/anticorrupcao.pt\/ccambombarral\/wp-content\/uploads\/sites\/7\/2024\/04\/Plano-de-Prevencao-da-Corrupcao-e-Riscos-Conexos.pdf\">Plano de Preven\u00e7\u00e3o da Corrup\u00e7\u00e3o e Riscos Conexos<\/a><a href=\"https:\/\/anticorrupcao.pt\/ccambombarral\/wp-content\/uploads\/sites\/7\/2024\/04\/Plano-de-Prevencao-da-Corrupcao-e-Riscos-Conexos.pdf\" class=\"wp-block-file__button wp-element-button\" download aria-describedby=\"wp-block-file--media-687103f2-7519-4706-bfaa-765d2a0cc09f\">Download<\/a><\/div>\n","protected":false},"excerpt":{"rendered":"","protected":false},"author":1,"featured_media":0,"parent":24509,"menu_order":1,"comment_status":"closed","ping_status":"closed","template":"","meta":{"_et_pb_use_builder":"off","_et_pb_old_content":"","_et_gb_content_width":"","inline_featured_image":false,"footnotes":""},"categories":[5,4],"tags":[],"class_list":["post-23858","page","type-page","status-publish","hentry","category-general_page","category-whistleblowing-channel"],"_links":{"self":[{"href":"https:\/\/anticorrupcao.pt\/ccambombarral\/wp-json\/wp\/v2\/pages\/23858","targetHints":{"allow":["GET"]}}],"collection":[{"href":"https:\/\/anticorrupcao.pt\/ccambombarral\/wp-json\/wp\/v2\/pages"}],"about":[{"href":"https:\/\/anticorrupcao.pt\/ccambombarral\/wp-json\/wp\/v2\/types\/page"}],"author":[{"embeddable":true,"href":"https:\/\/anticorrupcao.pt\/ccambombarral\/wp-json\/wp\/v2\/users\/1"}],"replies":[{"embeddable":true,"href":"https:\/\/anticorrupcao.pt\/ccambombarral\/wp-json\/wp\/v2\/comments?post=23858"}],"version-history":[{"count":1,"href":"https:\/\/anticorrupcao.pt\/ccambombarral\/wp-json\/wp\/v2\/pages\/23858\/revisions"}],"predecessor-version":[{"id":24793,"href":"https:\/\/anticorrupcao.pt\/ccambombarral\/wp-json\/wp\/v2\/pages\/23858\/revisions\/24793"}],"up":[{"embeddable":true,"href":"https:\/\/anticorrupcao.pt\/ccambombarral\/wp-json\/wp\/v2\/pages\/24509"}],"wp:attachment":[{"href":"https:\/\/anticorrupcao.pt\/ccambombarral\/wp-json\/wp\/v2\/media?parent=23858"}],"wp:term":[{"taxonomy":"category","embeddable":true,"href":"https:\/\/anticorrupcao.pt\/ccambombarral\/wp-json\/wp\/v2\/categories?post=23858"},{"taxonomy":"post_tag","embeddable":true,"href":"https:\/\/anticorrupcao.pt\/ccambombarral\/wp-json\/wp\/v2\/tags?post=23858"}],"curies":[{"name":"wp","href":"https:\/\/api.w.org\/{rel}","templated":true}]}}